{"id":11,"date":"2020-01-03T19:59:21","date_gmt":"2020-01-03T19:59:21","guid":{"rendered":"http:\/\/vinclair.net\/?page_id=11"},"modified":"2024-12-10T10:09:21","modified_gmt":"2024-12-10T09:09:21","slug":"over-ons","status":"publish","type":"page","link":"https:\/\/vinclair.net\/?page_id=11","title":{"rendered":"Over ons"},"content":{"rendered":"\t\t<div data-elementor-type=\"wp-page\" data-elementor-id=\"11\" class=\"elementor elementor-11\">\n\t\t\t\t\t\t<section class=\"elementor-section elementor-top-section elementor-element elementor-element-f8532a9 elementor-section-boxed elementor-section-height-default elementor-section-height-default\" data-id=\"f8532a9\" data-element_type=\"section\" data-e-type=\"section\">\n\t\t\t\t\t\t<div class=\"elementor-container elementor-column-gap-default\">\n\t\t\t\t\t<div class=\"elementor-column elementor-col-100 elementor-top-column elementor-element elementor-element-0190621\" data-id=\"0190621\" data-element_type=\"column\" data-e-type=\"column\">\n\t\t\t<div class=\"elementor-widget-wrap elementor-element-populated\">\n\t\t\t\t\t\t<div class=\"elementor-element elementor-element-1ebd33c elementor-widget elementor-widget-spacer\" data-id=\"1ebd33c\" data-element_type=\"widget\" data-e-type=\"widget\" data-widget_type=\"spacer.default\">\n\t\t\t\t<div class=\"elementor-widget-container\">\n\t\t\t\t\t\t\t<div class=\"elementor-spacer\">\n\t\t\t<div class=\"elementor-spacer-inner\"><\/div>\n\t\t<\/div>\n\t\t\t\t\t\t<\/div>\n\t\t\t\t<\/div>\n\t\t\t\t\t<\/div>\n\t\t<\/div>\n\t\t\t\t\t<\/div>\n\t\t<\/section>\n\t\t\t\t<section class=\"elementor-section elementor-top-section elementor-element elementor-element-fd3429a elementor-section-boxed elementor-section-height-default elementor-section-height-default\" data-id=\"fd3429a\" data-element_type=\"section\" data-e-type=\"section\">\n\t\t\t\t\t\t<div class=\"elementor-container elementor-column-gap-default\">\n\t\t\t\t\t<div class=\"elementor-column elementor-col-100 elementor-top-column elementor-element elementor-element-d06f332\" data-id=\"d06f332\" data-element_type=\"column\" data-e-type=\"column\">\n\t\t\t<div class=\"elementor-widget-wrap elementor-element-populated\">\n\t\t\t\t\t\t<div class=\"elementor-element elementor-element-6069a49 elementor-widget elementor-widget-text-editor\" data-id=\"6069a49\" data-element_type=\"widget\" data-e-type=\"widget\" data-widget_type=\"text-editor.default\">\n\t\t\t\t<div class=\"elementor-widget-container\">\n\t\t\t\t\t\t\t\t\t<p style=\"font-family: 'Times New Roman', serif; font-size: medium; color: #000000; line-height: 12pt; margin: 0cm 0cm 0.0001pt; font-style: normal;\"><span style=\"font-size: 9pt; font-family: Arial, sans-serif;\"><b>Over ons<\/b><\/span><\/p>\n<p style=\"font-family: 'Times New Roman', serif; font-size: medium; color: #000000; font-weight: 400; line-height: 12pt; margin: 0cm 0cm 0.0001pt; font-style: normal;\"><span style=\"font-size: 9pt; font-family: Arial, sans-serif;\">&nbsp;<\/span><\/p>\n<h1 style=\"font-family: 'Times New Roman', serif; font-size: 9pt; color: #000000; font-weight: 400; line-height: 12pt; margin: 2pt 0cm 12pt; font-style: normal;\"><span style=\"font-size: 9pt; font-family: Arial, sans-serif;\">Vinclair Assuranti\u00ebn<\/span><span style=\"font-size: 9pt; font-family: Arial, sans-serif;\"> is opgericht in 1971 en vanaf dag \u00e9\u00e9n heeft service en klantvriendelijkheid de boventoon gevoerd.<br><\/span><span style=\"font-size: 9pt; font-family: Arial, sans-serif;\"><br><\/span><span style=\"font-size: 9pt; font-family: Arial, sans-serif;\">Of u nu een schadeverzekering, een levensverzekering, een consumptief krediet of een hypotheek benodigd, wij kunnen op al deze gebieden bemiddelen en u van een uitstekend advies voorzien. Zowel particuliere als zakelijke klanten staan wij met raad en daad bij.<br><\/span><span style=\"font-size: 9pt; font-family: Arial, sans-serif;\"><br><\/span><span style=\"font-size: 9pt; font-family: Arial, sans-serif;\">Wij hebben agentschappen van de meest gangbare verzekeringsmaatschappijen in Nederland en kunnen verzekeringen bij bijna iedere intermediairverzekeraar in Nederland onderbrengen. Hierdoor ontvangt u een concurrerende premie met goede voorwaarden.<br><\/span><span style=\"font-size: 9pt; font-family: Arial, sans-serif;\"><br><\/span><span style=\"font-size: 9pt; font-family: Arial, sans-serif;\">Heeft u schade, dan wordt er snel en accuraat gehandeld en indien nodig zijn wij snel ter plaatse om de schade op te nemen en alles voor u te regelen. Schade is tenslotte al vervelend genoeg en dan wilt u niet ook nog weken of zelfs maanden op uw geld wachten.<\/span><\/h1>\n<h1 style=\"font-family: 'Times New Roman', serif; font-size: 9pt; color: #000000; font-weight: 400; line-height: 12pt; margin: 2pt 0cm 12pt; font-style: normal;\"><span style=\"font-size: 9pt; font-family: Arial, sans-serif;\">Heeft u een hypotheek nodig? We bemiddelen in hypotheken van een groot aantal hypotheekverstrekkers, zodat er bijna altijd een passende hypotheek gevonden kan worden.<br><\/span><span style=\"font-size: 9pt; font-family: Arial, sans-serif;\"><br><\/span><span style=\"font-family: Arial, sans-serif;\">Het team van Vinclair Assuranti\u00ebn staat altijd voor u klaar, bij ons bent u aan het juiste adres!<\/span><\/h1>\t\t\t\t\t\t\t\t<\/div>\n\t\t\t\t<\/div>\n\t\t\t\t\t<\/div>\n\t\t<\/div>\n\t\t\t\t\t<\/div>\n\t\t<\/section>\n\t\t\t\t<section class=\"elementor-section elementor-top-section elementor-element elementor-element-c87e897 elementor-section-boxed elementor-section-height-default elementor-section-height-default\" data-id=\"c87e897\" data-element_type=\"section\" data-e-type=\"section\">\n\t\t\t\t\t\t<div class=\"elementor-container elementor-column-gap-default\">\n\t\t\t\t\t<div class=\"elementor-column elementor-col-100 elementor-top-column elementor-element elementor-element-6c084bd\" data-id=\"6c084bd\" data-element_type=\"column\" data-e-type=\"column\">\n\t\t\t<div class=\"elementor-widget-wrap elementor-element-populated\">\n\t\t\t\t\t\t<div class=\"elementor-element elementor-element-3e99373 elementor-widget elementor-widget-spacer\" data-id=\"3e99373\" data-element_type=\"widget\" data-e-type=\"widget\" data-widget_type=\"spacer.default\">\n\t\t\t\t<div class=\"elementor-widget-container\">\n\t\t\t\t\t\t\t<div class=\"elementor-spacer\">\n\t\t\t<div class=\"elementor-spacer-inner\"><\/div>\n\t\t<\/div>\n\t\t\t\t\t\t<\/div>\n\t\t\t\t<\/div>\n\t\t\t\t\t<\/div>\n\t\t<\/div>\n\t\t\t\t\t<\/div>\n\t\t<\/section>\n\t\t\t\t<section class=\"elementor-section elementor-top-section elementor-element elementor-element-1be1b6c elementor-section-boxed elementor-section-height-default elementor-section-height-default\" data-id=\"1be1b6c\" data-element_type=\"section\" data-e-type=\"section\">\n\t\t\t\t\t\t<div class=\"elementor-container elementor-column-gap-default\">\n\t\t\t\t\t<div class=\"elementor-column elementor-col-100 elementor-top-column elementor-element elementor-element-4ad3900\" data-id=\"4ad3900\" data-element_type=\"column\" data-e-type=\"column\">\n\t\t\t<div class=\"elementor-widget-wrap elementor-element-populated\">\n\t\t\t\t\t\t<div class=\"elementor-element elementor-element-7cca0c5 elementor-widget elementor-widget-spacer\" data-id=\"7cca0c5\" data-element_type=\"widget\" data-e-type=\"widget\" data-widget_type=\"spacer.default\">\n\t\t\t\t<div class=\"elementor-widget-container\">\n\t\t\t\t\t\t\t<div class=\"elementor-spacer\">\n\t\t\t<div class=\"elementor-spacer-inner\"><\/div>\n\t\t<\/div>\n\t\t\t\t\t\t<\/div>\n\t\t\t\t<\/div>\n\t\t\t\t\t<\/div>\n\t\t<\/div>\n\t\t\t\t\t<\/div>\n\t\t<\/section>\n\t\t\t\t<\/div>\n\t\t","protected":false},"excerpt":{"rendered":"<p>Over ons &nbsp; Vinclair Assuranti\u00ebn is opgericht in 1971 en vanaf dag \u00e9\u00e9n heeft service en klantvriendelijkheid de boventoon gevoerd. Of u nu een schadeverzekering, een levensverzekering, een consumptief krediet of een hypotheek benodigd, wij kunnen op al deze gebieden bemiddelen en u van een uitstekend advies voorzien. Zowel particuliere als zakelijke klanten staan wij [&hellip;]<\/p>\n","protected":false},"author":1,"featured_media":0,"parent":0,"menu_order":0,"comment_status":"closed","ping_status":"closed","template":"","meta":{"site-sidebar-layout":"no-sidebar","site-content-layout":"page-builder","ast-site-content-layout":"default","site-content-style":"default","site-sidebar-style":"default","ast-global-header-display":"","ast-banner-title-visibility":"","ast-main-header-display":"","ast-hfb-above-header-display":"","ast-hfb-below-header-display":"","ast-hfb-mobile-header-display":"","site-post-title":"disabled","ast-breadcrumbs-content":"","ast-featured-img":"disabled","footer-sml-layout":"","ast-disable-related-posts":"","theme-transparent-header-meta":"default","adv-header-id-meta":"","stick-header-meta":"","header-above-stick-meta":"","header-main-stick-meta":"","header-below-stick-meta":"","astra-migrate-meta-layouts":"default","ast-page-background-enabled":"default","ast-page-background-meta":{"desktop":{"background-color":"","background-image":"","background-repeat":"repeat","background-position":"center center","background-size":"auto","background-attachment":"scroll","background-type":"","background-media":"","overlay-type":"","overlay-color":"","overlay-opacity":"","overlay-gradient":""},"tablet":{"background-color":"","background-image":"","background-repeat":"repeat","background-position":"center center","background-size":"auto","background-attachment":"scroll","background-type":"","background-media":"","overlay-type":"","overlay-color":"","overlay-opacity":"","overlay-gradient":""},"mobile":{"background-color":"","background-image":"","background-repeat":"repeat","background-position":"center center","background-size":"auto","background-attachment":"scroll","background-type":"","background-media":"","overlay-type":"","overlay-color":"","overlay-opacity":"","overlay-gradient":""}},"ast-content-background-meta":{"desktop":{"background-color":"var(--ast-global-color-5)","background-image":"","background-repeat":"repeat","background-position":"center center","background-size":"auto","background-attachment":"scroll","background-type":"","background-media":"","overlay-type":"","overlay-color":"","overlay-opacity":"","overlay-gradient":""},"tablet":{"background-color":"var(--ast-global-color-5)","background-image":"","background-repeat":"repeat","background-position":"center center","background-size":"auto","background-attachment":"scroll","background-type":"","background-media":"","overlay-type":"","overlay-color":"","overlay-opacity":"","overlay-gradient":""},"mobile":{"background-color":"var(--ast-global-color-5)","background-image":"","background-repeat":"repeat","background-position":"center center","background-size":"auto","background-attachment":"scroll","background-type":"","background-media":"","overlay-type":"","overlay-color":"","overlay-opacity":"","overlay-gradient":""}},"footnotes":""},"class_list":["post-11","page","type-page","status-publish","hentry"],"yoast_head":"<!-- This site is optimized with the Yoast SEO plugin v27.4 - https:\/\/yoast.com\/product\/yoast-seo-wordpress\/ -->\n<title>Over ons - Vinclair Assuranti\u00ebn<\/title>\n<meta name=\"robots\" content=\"index, follow, max-snippet:-1, max-image-preview:large, max-video-preview:-1\" \/>\n<link rel=\"canonical\" href=\"https:\/\/vinclair.net\/?page_id=11\" \/>\n<meta property=\"og:locale\" content=\"nl_NL\" \/>\n<meta property=\"og:type\" content=\"article\" \/>\n<meta property=\"og:title\" content=\"Over ons - Vinclair Assuranti\u00ebn\" \/>\n<meta property=\"og:description\" content=\"Over ons &nbsp; Vinclair Assuranti\u00ebn is opgericht in 1971 en vanaf dag \u00e9\u00e9n heeft service en klantvriendelijkheid de boventoon gevoerd. Of u nu een schadeverzekering, een levensverzekering, een consumptief krediet of een hypotheek benodigd, wij kunnen op al deze gebieden bemiddelen en u van een uitstekend advies voorzien. Zowel particuliere als zakelijke klanten staan wij [&hellip;]\" \/>\n<meta property=\"og:url\" content=\"https:\/\/vinclair.net\/?page_id=11\" \/>\n<meta property=\"og:site_name\" content=\"Vinclair Assuranti\u00ebn\" \/>\n<meta property=\"article:modified_time\" content=\"2024-12-10T09:09:21+00:00\" \/>\n<meta name=\"twitter:card\" content=\"summary_large_image\" \/>\n<meta name=\"twitter:label1\" content=\"Geschatte leestijd\" \/>\n\t<meta name=\"twitter:data1\" content=\"1 minuut\" \/>\n<script type=\"application\/ld+json\" class=\"yoast-schema-graph\">{\"@context\":\"https:\\\/\\\/schema.org\",\"@graph\":[{\"@type\":\"WebPage\",\"@id\":\"https:\\\/\\\/vinclair.net\\\/?page_id=11\",\"url\":\"https:\\\/\\\/vinclair.net\\\/?page_id=11\",\"name\":\"Over ons - Vinclair Assuranti\u00ebn\",\"isPartOf\":{\"@id\":\"https:\\\/\\\/vinclair.net\\\/#website\"},\"datePublished\":\"2020-01-03T19:59:21+00:00\",\"dateModified\":\"2024-12-10T09:09:21+00:00\",\"breadcrumb\":{\"@id\":\"https:\\\/\\\/vinclair.net\\\/?page_id=11#breadcrumb\"},\"inLanguage\":\"nl-NL\",\"potentialAction\":[{\"@type\":\"ReadAction\",\"target\":[\"https:\\\/\\\/vinclair.net\\\/?page_id=11\"]}]},{\"@type\":\"BreadcrumbList\",\"@id\":\"https:\\\/\\\/vinclair.net\\\/?page_id=11#breadcrumb\",\"itemListElement\":[{\"@type\":\"ListItem\",\"position\":1,\"name\":\"Home\",\"item\":\"https:\\\/\\\/vinclair.net\\\/\"},{\"@type\":\"ListItem\",\"position\":2,\"name\":\"Over ons\"}]},{\"@type\":\"WebSite\",\"@id\":\"https:\\\/\\\/vinclair.net\\\/#website\",\"url\":\"https:\\\/\\\/vinclair.net\\\/\",\"name\":\"Vinclair Assuranti\u00ebn\",\"description\":\"Voor al uw verzekeringen, hypotheken en leningen\",\"publisher\":{\"@id\":\"https:\\\/\\\/vinclair.net\\\/#organization\"},\"potentialAction\":[{\"@type\":\"SearchAction\",\"target\":{\"@type\":\"EntryPoint\",\"urlTemplate\":\"https:\\\/\\\/vinclair.net\\\/?s={search_term_string}\"},\"query-input\":{\"@type\":\"PropertyValueSpecification\",\"valueRequired\":true,\"valueName\":\"search_term_string\"}}],\"inLanguage\":\"nl-NL\"},{\"@type\":\"Organization\",\"@id\":\"https:\\\/\\\/vinclair.net\\\/#organization\",\"name\":\"Vinclair Assuranti\u00ebn\",\"url\":\"https:\\\/\\\/vinclair.net\\\/\",\"logo\":{\"@type\":\"ImageObject\",\"inLanguage\":\"nl-NL\",\"@id\":\"https:\\\/\\\/vinclair.net\\\/#\\\/schema\\\/logo\\\/image\\\/\",\"url\":\"https:\\\/\\\/vinclair.net\\\/wp-content\\\/uploads\\\/2020\\\/01\\\/cropped-s2dlogo.jpg\",\"contentUrl\":\"https:\\\/\\\/vinclair.net\\\/wp-content\\\/uploads\\\/2020\\\/01\\\/cropped-s2dlogo.jpg\",\"width\":208,\"height\":134,\"caption\":\"Vinclair Assuranti\u00ebn\"},\"image\":{\"@id\":\"https:\\\/\\\/vinclair.net\\\/#\\\/schema\\\/logo\\\/image\\\/\"}}]}<\/script>\n<!-- \/ Yoast SEO plugin. -->","yoast_head_json":{"title":"Over ons - Vinclair Assuranti\u00ebn","robots":{"index":"index","follow":"follow","max-snippet":"max-snippet:-1","max-image-preview":"max-image-preview:large","max-video-preview":"max-video-preview:-1"},"canonical":"https:\/\/vinclair.net\/?page_id=11","og_locale":"nl_NL","og_type":"article","og_title":"Over ons - Vinclair Assuranti\u00ebn","og_description":"Over ons &nbsp; Vinclair Assuranti\u00ebn is opgericht in 1971 en vanaf dag \u00e9\u00e9n heeft service en klantvriendelijkheid de boventoon gevoerd. Of u nu een schadeverzekering, een levensverzekering, een consumptief krediet of een hypotheek benodigd, wij kunnen op al deze gebieden bemiddelen en u van een uitstekend advies voorzien. Zowel particuliere als zakelijke klanten staan wij [&hellip;]","og_url":"https:\/\/vinclair.net\/?page_id=11","og_site_name":"Vinclair Assuranti\u00ebn","article_modified_time":"2024-12-10T09:09:21+00:00","twitter_card":"summary_large_image","twitter_misc":{"Geschatte leestijd":"1 minuut"},"schema":{"@context":"https:\/\/schema.org","@graph":[{"@type":"WebPage","@id":"https:\/\/vinclair.net\/?page_id=11","url":"https:\/\/vinclair.net\/?page_id=11","name":"Over ons - Vinclair Assuranti\u00ebn","isPartOf":{"@id":"https:\/\/vinclair.net\/#website"},"datePublished":"2020-01-03T19:59:21+00:00","dateModified":"2024-12-10T09:09:21+00:00","breadcrumb":{"@id":"https:\/\/vinclair.net\/?page_id=11#breadcrumb"},"inLanguage":"nl-NL","potentialAction":[{"@type":"ReadAction","target":["https:\/\/vinclair.net\/?page_id=11"]}]},{"@type":"BreadcrumbList","@id":"https:\/\/vinclair.net\/?page_id=11#breadcrumb","itemListElement":[{"@type":"ListItem","position":1,"name":"Home","item":"https:\/\/vinclair.net\/"},{"@type":"ListItem","position":2,"name":"Over ons"}]},{"@type":"WebSite","@id":"https:\/\/vinclair.net\/#website","url":"https:\/\/vinclair.net\/","name":"Vinclair Assuranti\u00ebn","description":"Voor al uw verzekeringen, hypotheken en leningen","publisher":{"@id":"https:\/\/vinclair.net\/#organization"},"potentialAction":[{"@type":"SearchAction","target":{"@type":"EntryPoint","urlTemplate":"https:\/\/vinclair.net\/?s={search_term_string}"},"query-input":{"@type":"PropertyValueSpecification","valueRequired":true,"valueName":"search_term_string"}}],"inLanguage":"nl-NL"},{"@type":"Organization","@id":"https:\/\/vinclair.net\/#organization","name":"Vinclair Assuranti\u00ebn","url":"https:\/\/vinclair.net\/","logo":{"@type":"ImageObject","inLanguage":"nl-NL","@id":"https:\/\/vinclair.net\/#\/schema\/logo\/image\/","url":"https:\/\/vinclair.net\/wp-content\/uploads\/2020\/01\/cropped-s2dlogo.jpg","contentUrl":"https:\/\/vinclair.net\/wp-content\/uploads\/2020\/01\/cropped-s2dlogo.jpg","width":208,"height":134,"caption":"Vinclair Assuranti\u00ebn"},"image":{"@id":"https:\/\/vinclair.net\/#\/schema\/logo\/image\/"}}]}},"_links":{"self":[{"href":"https:\/\/vinclair.net\/index.php?rest_route=\/wp\/v2\/pages\/11","targetHints":{"allow":["GET"]}}],"collection":[{"href":"https:\/\/vinclair.net\/index.php?rest_route=\/wp\/v2\/pages"}],"about":[{"href":"https:\/\/vinclair.net\/index.php?rest_route=\/wp\/v2\/types\/page"}],"author":[{"embeddable":true,"href":"https:\/\/vinclair.net\/index.php?rest_route=\/wp\/v2\/users\/1"}],"replies":[{"embeddable":true,"href":"https:\/\/vinclair.net\/index.php?rest_route=%2Fwp%2Fv2%2Fcomments&post=11"}],"version-history":[{"count":42,"href":"https:\/\/vinclair.net\/index.php?rest_route=\/wp\/v2\/pages\/11\/revisions"}],"predecessor-version":[{"id":599,"href":"https:\/\/vinclair.net\/index.php?rest_route=\/wp\/v2\/pages\/11\/revisions\/599"}],"wp:attachment":[{"href":"https:\/\/vinclair.net\/index.php?rest_route=%2Fwp%2Fv2%2Fmedia&parent=11"}],"curies":[{"name":"wp","href":"https:\/\/api.w.org\/{rel}","templated":true}]}}